{"id":261,"date":"2020-03-10T09:09:09","date_gmt":"2020-03-10T09:09:09","guid":{"rendered":"http:\/\/lokmann-care.de\/?post_type=product&#038;p=261"},"modified":"2020-03-30T14:12:35","modified_gmt":"2020-03-30T14:12:35","slug":"varianto-grande-lbh-140","status":"publish","type":"product","link":"https:\/\/www.casado.eu\/en\/product\/varianto-grande-lbh-140\/","title":{"rendered":"Varianto Grande LBH 140"},"content":{"rendered":"","protected":false},"excerpt":{"rendered":"<p>The Varianto CASADO is presenting a highlight among TV furniture designed perfectly for your living room and providing a new experience of homecinema. Its sophisticated system allows individual design of its glass surfaces anytime and easily.<\/p>\n<p>The front flaps of the main elements are infrared-permeable and offer a Soft-Open mechanism. In addition each element of this modular furniture can be extended and combined with lowboards, sideboards and highboards of Varianto\u00b4s series production. This system of TV furniture is timeless stylish and adapt itself to any living area in any form whatsoever.<\/p>\n<p>Varianto offers many extendable options. The elements can be chosen as wether floor-mounted or wall-mounted. One of the unique features for both TV and Hifi furniture is the optional mounting support swivelling through 180\u00b0 as well as LED lighting, casters, multiple sockets and much more.<\/p>\n<h3 class=\"accordion_title\">Colors<\/h3><div class=\"accordion\">\n\t<div id=\"accordion-1529393874\" class=\"accordion-item\">\n\t\t<a id=\"accordion-1529393874-label\" class=\"accordion-title plain\" href=\"#accordion-item-korpus\" aria-expanded=\"false\" aria-controls=\"accordion-1529393874-content\">\n\t\t\t<button class=\"toggle\" aria-label=\"Toggle\"><i class=\"icon-angle-down\" aria-hidden=\"true\"><\/i><\/button>\n\t\t\t<span>Corpus<\/span>\n\t\t<\/a>\n\t\t<div id=\"accordion-1529393874-content\" class=\"accordion-inner\" aria-labelledby=\"accordion-1529393874-label\">\n\t\t\t\n<ul style=\"list-style-type: square;\">\n<li>Black<\/li>\n<li>White<\/li>\n<\/ul>\n\t\t<\/div>\n\t<\/div>\n\t\n\t<div id=\"accordion-3672639916\" class=\"accordion-item\">\n\t\t<a id=\"accordion-3672639916-label\" class=\"accordion-title plain\" href=\"#accordion-item-glas\" aria-expanded=\"false\" aria-controls=\"accordion-3672639916-content\">\n\t\t\t<button class=\"toggle\" aria-label=\"Toggle\"><i class=\"icon-angle-down\" aria-hidden=\"true\"><\/i><\/button>\n\t\t\t<span>Glass<\/span>\n\t\t<\/a>\n\t\t<div id=\"accordion-3672639916-content\" class=\"accordion-inner\" aria-labelledby=\"accordion-3672639916-label\">\n\t\t\t\n<ul style=\"list-style-type: square;\">\n<li>Galaxy Black<\/li>\n<li>Snow White<\/li>\n<li>Stone Gray<\/li>\n<li>Chocolat Brown<\/li>\n<\/ul>\n\t\t<\/div>\n\t<\/div>\n\t\n<\/div>","protected":false},"featured_media":1122,"comment_status":"closed","ping_status":"closed","template":"","meta":{"om_disable_all_campaigns":false,"_monsterinsights_skip_tracking":false,"_monsterinsights_sitenote_active":false,"_monsterinsights_sitenote_note":"","_monsterinsights_sitenote_category":0,"_uf_show_specific_survey":0,"_uf_disable_surveys":false},"product_brand":[],"product_cat":[52],"product_tag":[61,64,40],"class_list":{"0":"post-261","1":"product","2":"type-product","3":"status-publish","4":"has-post-thumbnail","6":"product_cat-varianto-grande","7":"product_tag-grande","8":"product_tag-lbh140","9":"product_tag-varianto","11":"first","12":"instock","13":"shipping-taxable","14":"product-type-simple"},"yoast_head":"<!-- This site is optimized with the Yoast SEO plugin v27.4 - https:\/\/yoast.com\/product\/yoast-seo-wordpress\/ -->\n<title>Varianto Grande LBH 140 - CASADO | Home Entertainment Designer<\/title>\n<meta name=\"robots\" content=\"index, follow, max-snippet:-1, max-image-preview:large, max-video-preview:-1\" \/>\n<link rel=\"canonical\" href=\"https:\/\/www.casado.eu\/en\/product\/varianto-grande-lbh-140\/\" \/>\n<meta property=\"og:locale\" content=\"en_US\" \/>\n<meta property=\"og:type\" content=\"article\" \/>\n<meta property=\"og:title\" content=\"Varianto Grande LBH 140 - CASADO | Home Entertainment Designer\" \/>\n<meta property=\"og:description\" content=\"Der Varianto. CASADO bietet ein Highlight TV-M\u00f6bel, der ganz auf Wohnkultur und TV-Erlebnis ausgerichtet ist. Es verf\u00fcgt \u00fcber individuell gestalltbare Glasoberfl\u00e4schen, die dank ausgekl\u00fcgeltem System jederzeit mit kleinen Handgriffen ausgewechselt werden k\u00f6nnen.  Dir Frontklappen der Hauptelemente sind Infrarot-durchl\u00e4ssig und haben eine Soft-Open-Mechanismus Gleichzeitig kann jedes Element dieses Systemm\u00f6bels zu weiteren Lowboards, Sideboards oder Highboards der Varianto-Serie erweitert und kombiniert werden. In welcher Form auch immer, dieses TVM\u00f6bel \u2013 System ist zeitlos stylisch und passt sich der individuellen Wohnlandschaft an.  Varianto bietet viele erweiterbare Optionsm\u00f6glichkeiten. Die Elemente k\u00f6nnen als Stand-Modell oder h\u00e4ngendes Wand-Modell ausgesucht werden. Einzigartig f\u00fcr TV-und Hifi-M\u00f6bel ist die optionale, bis zu 180\u00b0 schwenkbare TV-Halterung sowie LED-Beleuchtung, Rollen, Mehrfachsteckdosen und vieles mehr.\" \/>\n<meta property=\"og:url\" content=\"https:\/\/www.casado.eu\/en\/product\/varianto-grande-lbh-140\/\" \/>\n<meta property=\"og:site_name\" content=\"CASADO | Home Entertainment Designer\" \/>\n<meta property=\"article:publisher\" content=\"https:\/\/www.facebook.com\/casado.mobel\" \/>\n<meta property=\"article:modified_time\" content=\"2020-03-30T14:12:35+00:00\" \/>\n<meta property=\"og:image\" content=\"https:\/\/www.casado.eu\/wp-content\/uploads\/2020\/03\/2-Kopie-7.jpg\" \/>\n\t<meta property=\"og:image:width\" content=\"800\" \/>\n\t<meta property=\"og:image:height\" content=\"800\" \/>\n\t<meta property=\"og:image:type\" content=\"image\/jpeg\" \/>\n<meta name=\"twitter:card\" content=\"summary_large_image\" \/>\n<script type=\"application\/ld+json\" class=\"yoast-schema-graph\">{\"@context\":\"https:\\\/\\\/schema.org\",\"@graph\":[{\"@type\":\"WebPage\",\"@id\":\"https:\\\/\\\/www.casado.eu\\\/produkt\\\/varianto-grande-lbh-140\\\/\",\"url\":\"https:\\\/\\\/www.casado.eu\\\/produkt\\\/varianto-grande-lbh-140\\\/\",\"name\":\"Varianto Grande LBH 140 - CASADO | Home Entertainment Designer\",\"isPartOf\":{\"@id\":\"https:\\\/\\\/www.casado.eu\\\/#website\"},\"primaryImageOfPage\":{\"@id\":\"https:\\\/\\\/www.casado.eu\\\/produkt\\\/varianto-grande-lbh-140\\\/#primaryimage\"},\"image\":{\"@id\":\"https:\\\/\\\/www.casado.eu\\\/produkt\\\/varianto-grande-lbh-140\\\/#primaryimage\"},\"thumbnailUrl\":\"https:\\\/\\\/www.casado.eu\\\/wp-content\\\/uploads\\\/2020\\\/03\\\/2-Kopie-7.jpg\",\"datePublished\":\"2020-03-10T09:09:09+00:00\",\"dateModified\":\"2020-03-30T14:12:35+00:00\",\"breadcrumb\":{\"@id\":\"https:\\\/\\\/www.casado.eu\\\/produkt\\\/varianto-grande-lbh-140\\\/#breadcrumb\"},\"inLanguage\":\"en-US\",\"potentialAction\":[{\"@type\":\"ReadAction\",\"target\":[\"https:\\\/\\\/www.casado.eu\\\/produkt\\\/varianto-grande-lbh-140\\\/\"]}]},{\"@type\":\"ImageObject\",\"inLanguage\":\"en-US\",\"@id\":\"https:\\\/\\\/www.casado.eu\\\/produkt\\\/varianto-grande-lbh-140\\\/#primaryimage\",\"url\":\"https:\\\/\\\/www.casado.eu\\\/wp-content\\\/uploads\\\/2020\\\/03\\\/2-Kopie-7.jpg\",\"contentUrl\":\"https:\\\/\\\/www.casado.eu\\\/wp-content\\\/uploads\\\/2020\\\/03\\\/2-Kopie-7.jpg\",\"width\":800,\"height\":800},{\"@type\":\"BreadcrumbList\",\"@id\":\"https:\\\/\\\/www.casado.eu\\\/produkt\\\/varianto-grande-lbh-140\\\/#breadcrumb\",\"itemListElement\":[{\"@type\":\"ListItem\",\"position\":1,\"name\":\"Startseite\",\"item\":\"https:\\\/\\\/www.casado.eu\\\/\"},{\"@type\":\"ListItem\",\"position\":2,\"name\":\"Produkte\",\"item\":\"https:\\\/\\\/www.casado.eu\\\/shop\\\/\"},{\"@type\":\"ListItem\",\"position\":3,\"name\":\"Varianto Grande LBH 140\"}]},{\"@type\":\"WebSite\",\"@id\":\"https:\\\/\\\/www.casado.eu\\\/#website\",\"url\":\"https:\\\/\\\/www.casado.eu\\\/\",\"name\":\"CASADO | Home Entertainment Designer\",\"description\":\"\",\"publisher\":{\"@id\":\"https:\\\/\\\/www.casado.eu\\\/#organization\"},\"potentialAction\":[{\"@type\":\"SearchAction\",\"target\":{\"@type\":\"EntryPoint\",\"urlTemplate\":\"https:\\\/\\\/www.casado.eu\\\/?s={search_term_string}\"},\"query-input\":{\"@type\":\"PropertyValueSpecification\",\"valueRequired\":true,\"valueName\":\"search_term_string\"}}],\"inLanguage\":\"en-US\"},{\"@type\":\"Organization\",\"@id\":\"https:\\\/\\\/www.casado.eu\\\/#organization\",\"name\":\"Casado TV-M\u00f6bel\",\"url\":\"https:\\\/\\\/www.casado.eu\\\/\",\"logo\":{\"@type\":\"ImageObject\",\"inLanguage\":\"en-US\",\"@id\":\"https:\\\/\\\/www.casado.eu\\\/#\\\/schema\\\/logo\\\/image\\\/\",\"url\":\"https:\\\/\\\/www.casado.eu\\\/wp-content\\\/uploads\\\/2020\\\/03\\\/Casado_1000x700.png\",\"contentUrl\":\"https:\\\/\\\/www.casado.eu\\\/wp-content\\\/uploads\\\/2020\\\/03\\\/Casado_1000x700.png\",\"width\":1000,\"height\":700,\"caption\":\"Casado TV-M\u00f6bel\"},\"image\":{\"@id\":\"https:\\\/\\\/www.casado.eu\\\/#\\\/schema\\\/logo\\\/image\\\/\"},\"sameAs\":[\"https:\\\/\\\/www.facebook.com\\\/casado.mobel\",\"https:\\\/\\\/www.youtube.com\\\/user\\\/CasadoHES\"]}]}<\/script>\n<!-- \/ Yoast SEO plugin. -->","yoast_head_json":{"title":"Varianto Grande LBH 140 - CASADO | Home Entertainment Designer","robots":{"index":"index","follow":"follow","max-snippet":"max-snippet:-1","max-image-preview":"max-image-preview:large","max-video-preview":"max-video-preview:-1"},"canonical":"https:\/\/www.casado.eu\/en\/product\/varianto-grande-lbh-140\/","og_locale":"en_US","og_type":"article","og_title":"Varianto Grande LBH 140 - CASADO | Home Entertainment Designer","og_description":"Der Varianto. CASADO bietet ein Highlight TV-M\u00f6bel, der ganz auf Wohnkultur und TV-Erlebnis ausgerichtet ist. Es verf\u00fcgt \u00fcber individuell gestalltbare Glasoberfl\u00e4schen, die dank ausgekl\u00fcgeltem System jederzeit mit kleinen Handgriffen ausgewechselt werden k\u00f6nnen.  Dir Frontklappen der Hauptelemente sind Infrarot-durchl\u00e4ssig und haben eine Soft-Open-Mechanismus Gleichzeitig kann jedes Element dieses Systemm\u00f6bels zu weiteren Lowboards, Sideboards oder Highboards der Varianto-Serie erweitert und kombiniert werden. In welcher Form auch immer, dieses TVM\u00f6bel \u2013 System ist zeitlos stylisch und passt sich der individuellen Wohnlandschaft an.  Varianto bietet viele erweiterbare Optionsm\u00f6glichkeiten. Die Elemente k\u00f6nnen als Stand-Modell oder h\u00e4ngendes Wand-Modell ausgesucht werden. Einzigartig f\u00fcr TV-und Hifi-M\u00f6bel ist die optionale, bis zu 180\u00b0 schwenkbare TV-Halterung sowie LED-Beleuchtung, Rollen, Mehrfachsteckdosen und vieles mehr.","og_url":"https:\/\/www.casado.eu\/en\/product\/varianto-grande-lbh-140\/","og_site_name":"CASADO | Home Entertainment Designer","article_publisher":"https:\/\/www.facebook.com\/casado.mobel","article_modified_time":"2020-03-30T14:12:35+00:00","og_image":[{"width":800,"height":800,"url":"https:\/\/www.casado.eu\/wp-content\/uploads\/2020\/03\/2-Kopie-7.jpg","type":"image\/jpeg"}],"twitter_card":"summary_large_image","schema":{"@context":"https:\/\/schema.org","@graph":[{"@type":"WebPage","@id":"https:\/\/www.casado.eu\/produkt\/varianto-grande-lbh-140\/","url":"https:\/\/www.casado.eu\/produkt\/varianto-grande-lbh-140\/","name":"Varianto Grande LBH 140 - CASADO | Home Entertainment Designer","isPartOf":{"@id":"https:\/\/www.casado.eu\/#website"},"primaryImageOfPage":{"@id":"https:\/\/www.casado.eu\/produkt\/varianto-grande-lbh-140\/#primaryimage"},"image":{"@id":"https:\/\/www.casado.eu\/produkt\/varianto-grande-lbh-140\/#primaryimage"},"thumbnailUrl":"https:\/\/www.casado.eu\/wp-content\/uploads\/2020\/03\/2-Kopie-7.jpg","datePublished":"2020-03-10T09:09:09+00:00","dateModified":"2020-03-30T14:12:35+00:00","breadcrumb":{"@id":"https:\/\/www.casado.eu\/produkt\/varianto-grande-lbh-140\/#breadcrumb"},"inLanguage":"en-US","potentialAction":[{"@type":"ReadAction","target":["https:\/\/www.casado.eu\/produkt\/varianto-grande-lbh-140\/"]}]},{"@type":"ImageObject","inLanguage":"en-US","@id":"https:\/\/www.casado.eu\/produkt\/varianto-grande-lbh-140\/#primaryimage","url":"https:\/\/www.casado.eu\/wp-content\/uploads\/2020\/03\/2-Kopie-7.jpg","contentUrl":"https:\/\/www.casado.eu\/wp-content\/uploads\/2020\/03\/2-Kopie-7.jpg","width":800,"height":800},{"@type":"BreadcrumbList","@id":"https:\/\/www.casado.eu\/produkt\/varianto-grande-lbh-140\/#breadcrumb","itemListElement":[{"@type":"ListItem","position":1,"name":"Startseite","item":"https:\/\/www.casado.eu\/"},{"@type":"ListItem","position":2,"name":"Produkte","item":"https:\/\/www.casado.eu\/shop\/"},{"@type":"ListItem","position":3,"name":"Varianto Grande LBH 140"}]},{"@type":"WebSite","@id":"https:\/\/www.casado.eu\/#website","url":"https:\/\/www.casado.eu\/","name":"CASADO | Home Entertainment Designer","description":"","publisher":{"@id":"https:\/\/www.casado.eu\/#organization"},"potentialAction":[{"@type":"SearchAction","target":{"@type":"EntryPoint","urlTemplate":"https:\/\/www.casado.eu\/?s={search_term_string}"},"query-input":{"@type":"PropertyValueSpecification","valueRequired":true,"valueName":"search_term_string"}}],"inLanguage":"en-US"},{"@type":"Organization","@id":"https:\/\/www.casado.eu\/#organization","name":"Casado TV-M\u00f6bel","url":"https:\/\/www.casado.eu\/","logo":{"@type":"ImageObject","inLanguage":"en-US","@id":"https:\/\/www.casado.eu\/#\/schema\/logo\/image\/","url":"https:\/\/www.casado.eu\/wp-content\/uploads\/2020\/03\/Casado_1000x700.png","contentUrl":"https:\/\/www.casado.eu\/wp-content\/uploads\/2020\/03\/Casado_1000x700.png","width":1000,"height":700,"caption":"Casado TV-M\u00f6bel"},"image":{"@id":"https:\/\/www.casado.eu\/#\/schema\/logo\/image\/"},"sameAs":["https:\/\/www.facebook.com\/casado.mobel","https:\/\/www.youtube.com\/user\/CasadoHES"]}]}},"_links":{"self":[{"href":"https:\/\/www.casado.eu\/en\/wp-json\/wp\/v2\/product\/261","targetHints":{"allow":["GET"]}}],"collection":[{"href":"https:\/\/www.casado.eu\/en\/wp-json\/wp\/v2\/product"}],"about":[{"href":"https:\/\/www.casado.eu\/en\/wp-json\/wp\/v2\/types\/product"}],"replies":[{"embeddable":true,"href":"https:\/\/www.casado.eu\/en\/wp-json\/wp\/v2\/comments?post=261"}],"wp:featuredmedia":[{"embeddable":true,"href":"https:\/\/www.casado.eu\/en\/wp-json\/wp\/v2\/media\/1122"}],"wp:attachment":[{"href":"https:\/\/www.casado.eu\/en\/wp-json\/wp\/v2\/media?parent=261"}],"wp:term":[{"taxonomy":"product_brand","embeddable":true,"href":"https:\/\/www.casado.eu\/en\/wp-json\/wp\/v2\/product_brand?post=261"},{"taxonomy":"product_cat","embeddable":true,"href":"https:\/\/www.casado.eu\/en\/wp-json\/wp\/v2\/product_cat?post=261"},{"taxonomy":"product_tag","embeddable":true,"href":"https:\/\/www.casado.eu\/en\/wp-json\/wp\/v2\/product_tag?post=261"}],"curies":[{"name":"wp","href":"https:\/\/api.w.org\/{rel}","templated":true}]}}