{"id":310,"date":"2020-03-10T09:30:51","date_gmt":"2020-03-10T09:30:51","guid":{"rendered":"http:\/\/lokmann-care.de\/?post_type=product&#038;p=310"},"modified":"2023-06-19T10:58:58","modified_gmt":"2023-06-19T10:58:58","slug":"estepa","status":"publish","type":"product","link":"https:\/\/www.casado.eu\/en\/product\/estepa\/","title":{"rendered":"Estepa"},"content":{"rendered":"","protected":false},"excerpt":{"rendered":"<p class=\"translation-block\">The Estepa offers a simple but elegant design suiting all budgets. Despite its class the cable management, height adjustable glass chelves, as well as a swivel and height adjustable TV holder in the list of his skills. A storage space on the back side completes the Estepa.<\/p>","protected":false},"featured_media":1936,"comment_status":"closed","ping_status":"closed","template":"","meta":{"om_disable_all_campaigns":false,"_monsterinsights_skip_tracking":false,"_monsterinsights_sitenote_active":false,"_monsterinsights_sitenote_note":"","_monsterinsights_sitenote_category":0,"_uf_show_specific_survey":0,"_uf_disable_surveys":false},"product_brand":[],"product_cat":[46],"product_tag":[71],"class_list":{"0":"post-310","1":"product","2":"type-product","3":"status-publish","4":"has-post-thumbnail","6":"product_cat-tvstand","7":"product_tag-estepa","9":"first","10":"instock","11":"shipping-taxable","12":"product-type-simple"},"yoast_head":"<!-- This site is optimized with the Yoast SEO plugin v27.5 - https:\/\/yoast.com\/product\/yoast-seo-wordpress\/ -->\n<title>Estepa - CASADO | Home Entertainment Designer<\/title>\n<meta name=\"robots\" content=\"index, follow, max-snippet:-1, max-image-preview:large, max-video-preview:-1\" \/>\n<link rel=\"canonical\" href=\"https:\/\/www.casado.eu\/en\/product\/estepa\/\" \/>\n<meta property=\"og:locale\" content=\"en_US\" \/>\n<meta property=\"og:type\" content=\"article\" \/>\n<meta property=\"og:title\" content=\"Estepa - CASADO | Home Entertainment Designer\" \/>\n<meta property=\"og:description\" content=\"Der Estepa bietet einfaches, aber schickes Design f\u00fcr jeden Geldbeutel. Trotz seiner Klasse ist das Kabelmanagement, in der H\u00f6he verstellbare Glasablagen, wie auch eine schwenkbare und h\u00f6henverstellbare TV-Halterung mit in der Liste seiner F\u00e4higkeiten. Ein Stauraum auf der R\u00fcckseite rundet des Estepa ab.\" \/>\n<meta property=\"og:url\" content=\"https:\/\/www.casado.eu\/en\/product\/estepa\/\" \/>\n<meta property=\"og:site_name\" content=\"CASADO | Home Entertainment Designer\" \/>\n<meta property=\"article:publisher\" content=\"https:\/\/www.facebook.com\/casado.mobel\" \/>\n<meta property=\"article:modified_time\" content=\"2023-06-19T10:58:58+00:00\" \/>\n<meta property=\"og:image\" content=\"https:\/\/www.casado.eu\/wp-content\/uploads\/2020\/03\/1_white.jpg\" \/>\n\t<meta property=\"og:image:width\" content=\"800\" \/>\n\t<meta property=\"og:image:height\" content=\"800\" \/>\n\t<meta property=\"og:image:type\" content=\"image\/jpeg\" \/>\n<meta name=\"twitter:card\" content=\"summary_large_image\" \/>\n<script type=\"application\/ld+json\" class=\"yoast-schema-graph\">{\"@context\":\"https:\\\/\\\/schema.org\",\"@graph\":[{\"@type\":\"WebPage\",\"@id\":\"https:\\\/\\\/www.casado.eu\\\/produkt\\\/estepa\\\/\",\"url\":\"https:\\\/\\\/www.casado.eu\\\/produkt\\\/estepa\\\/\",\"name\":\"Estepa - CASADO | Home Entertainment Designer\",\"isPartOf\":{\"@id\":\"https:\\\/\\\/www.casado.eu\\\/#website\"},\"primaryImageOfPage\":{\"@id\":\"https:\\\/\\\/www.casado.eu\\\/produkt\\\/estepa\\\/#primaryimage\"},\"image\":{\"@id\":\"https:\\\/\\\/www.casado.eu\\\/produkt\\\/estepa\\\/#primaryimage\"},\"thumbnailUrl\":\"https:\\\/\\\/www.casado.eu\\\/wp-content\\\/uploads\\\/2020\\\/03\\\/1_white.jpg\",\"datePublished\":\"2020-03-10T09:30:51+00:00\",\"dateModified\":\"2023-06-19T10:58:58+00:00\",\"breadcrumb\":{\"@id\":\"https:\\\/\\\/www.casado.eu\\\/produkt\\\/estepa\\\/#breadcrumb\"},\"inLanguage\":\"en-US\",\"potentialAction\":[{\"@type\":\"ReadAction\",\"target\":[\"https:\\\/\\\/www.casado.eu\\\/produkt\\\/estepa\\\/\"]}]},{\"@type\":\"ImageObject\",\"inLanguage\":\"en-US\",\"@id\":\"https:\\\/\\\/www.casado.eu\\\/produkt\\\/estepa\\\/#primaryimage\",\"url\":\"https:\\\/\\\/www.casado.eu\\\/wp-content\\\/uploads\\\/2020\\\/03\\\/1_white.jpg\",\"contentUrl\":\"https:\\\/\\\/www.casado.eu\\\/wp-content\\\/uploads\\\/2020\\\/03\\\/1_white.jpg\",\"width\":800,\"height\":800},{\"@type\":\"BreadcrumbList\",\"@id\":\"https:\\\/\\\/www.casado.eu\\\/produkt\\\/estepa\\\/#breadcrumb\",\"itemListElement\":[{\"@type\":\"ListItem\",\"position\":1,\"name\":\"Startseite\",\"item\":\"https:\\\/\\\/www.casado.eu\\\/\"},{\"@type\":\"ListItem\",\"position\":2,\"name\":\"Produkte\",\"item\":\"https:\\\/\\\/www.casado.eu\\\/shop\\\/\"},{\"@type\":\"ListItem\",\"position\":3,\"name\":\"Estepa\"}]},{\"@type\":\"WebSite\",\"@id\":\"https:\\\/\\\/www.casado.eu\\\/#website\",\"url\":\"https:\\\/\\\/www.casado.eu\\\/\",\"name\":\"CASADO | Home Entertainment Designer\",\"description\":\"\",\"publisher\":{\"@id\":\"https:\\\/\\\/www.casado.eu\\\/#organization\"},\"potentialAction\":[{\"@type\":\"SearchAction\",\"target\":{\"@type\":\"EntryPoint\",\"urlTemplate\":\"https:\\\/\\\/www.casado.eu\\\/?s={search_term_string}\"},\"query-input\":{\"@type\":\"PropertyValueSpecification\",\"valueRequired\":true,\"valueName\":\"search_term_string\"}}],\"inLanguage\":\"en-US\"},{\"@type\":\"Organization\",\"@id\":\"https:\\\/\\\/www.casado.eu\\\/#organization\",\"name\":\"Casado TV-M\u00f6bel\",\"url\":\"https:\\\/\\\/www.casado.eu\\\/\",\"logo\":{\"@type\":\"ImageObject\",\"inLanguage\":\"en-US\",\"@id\":\"https:\\\/\\\/www.casado.eu\\\/#\\\/schema\\\/logo\\\/image\\\/\",\"url\":\"https:\\\/\\\/www.casado.eu\\\/wp-content\\\/uploads\\\/2020\\\/03\\\/Casado_1000x700.png\",\"contentUrl\":\"https:\\\/\\\/www.casado.eu\\\/wp-content\\\/uploads\\\/2020\\\/03\\\/Casado_1000x700.png\",\"width\":1000,\"height\":700,\"caption\":\"Casado TV-M\u00f6bel\"},\"image\":{\"@id\":\"https:\\\/\\\/www.casado.eu\\\/#\\\/schema\\\/logo\\\/image\\\/\"},\"sameAs\":[\"https:\\\/\\\/www.facebook.com\\\/casado.mobel\",\"https:\\\/\\\/www.youtube.com\\\/user\\\/CasadoHES\"]}]}<\/script>\n<!-- \/ Yoast SEO plugin. -->","yoast_head_json":{"title":"Estepa - CASADO | Home Entertainment Designer","robots":{"index":"index","follow":"follow","max-snippet":"max-snippet:-1","max-image-preview":"max-image-preview:large","max-video-preview":"max-video-preview:-1"},"canonical":"https:\/\/www.casado.eu\/en\/product\/estepa\/","og_locale":"en_US","og_type":"article","og_title":"Estepa - CASADO | Home Entertainment Designer","og_description":"Der Estepa bietet einfaches, aber schickes Design f\u00fcr jeden Geldbeutel. Trotz seiner Klasse ist das Kabelmanagement, in der H\u00f6he verstellbare Glasablagen, wie auch eine schwenkbare und h\u00f6henverstellbare TV-Halterung mit in der Liste seiner F\u00e4higkeiten. Ein Stauraum auf der R\u00fcckseite rundet des Estepa ab.","og_url":"https:\/\/www.casado.eu\/en\/product\/estepa\/","og_site_name":"CASADO | Home Entertainment Designer","article_publisher":"https:\/\/www.facebook.com\/casado.mobel","article_modified_time":"2023-06-19T10:58:58+00:00","og_image":[{"width":800,"height":800,"url":"https:\/\/www.casado.eu\/wp-content\/uploads\/2020\/03\/1_white.jpg","type":"image\/jpeg"}],"twitter_card":"summary_large_image","schema":{"@context":"https:\/\/schema.org","@graph":[{"@type":"WebPage","@id":"https:\/\/www.casado.eu\/produkt\/estepa\/","url":"https:\/\/www.casado.eu\/produkt\/estepa\/","name":"Estepa - CASADO | Home Entertainment Designer","isPartOf":{"@id":"https:\/\/www.casado.eu\/#website"},"primaryImageOfPage":{"@id":"https:\/\/www.casado.eu\/produkt\/estepa\/#primaryimage"},"image":{"@id":"https:\/\/www.casado.eu\/produkt\/estepa\/#primaryimage"},"thumbnailUrl":"https:\/\/www.casado.eu\/wp-content\/uploads\/2020\/03\/1_white.jpg","datePublished":"2020-03-10T09:30:51+00:00","dateModified":"2023-06-19T10:58:58+00:00","breadcrumb":{"@id":"https:\/\/www.casado.eu\/produkt\/estepa\/#breadcrumb"},"inLanguage":"en-US","potentialAction":[{"@type":"ReadAction","target":["https:\/\/www.casado.eu\/produkt\/estepa\/"]}]},{"@type":"ImageObject","inLanguage":"en-US","@id":"https:\/\/www.casado.eu\/produkt\/estepa\/#primaryimage","url":"https:\/\/www.casado.eu\/wp-content\/uploads\/2020\/03\/1_white.jpg","contentUrl":"https:\/\/www.casado.eu\/wp-content\/uploads\/2020\/03\/1_white.jpg","width":800,"height":800},{"@type":"BreadcrumbList","@id":"https:\/\/www.casado.eu\/produkt\/estepa\/#breadcrumb","itemListElement":[{"@type":"ListItem","position":1,"name":"Startseite","item":"https:\/\/www.casado.eu\/"},{"@type":"ListItem","position":2,"name":"Produkte","item":"https:\/\/www.casado.eu\/shop\/"},{"@type":"ListItem","position":3,"name":"Estepa"}]},{"@type":"WebSite","@id":"https:\/\/www.casado.eu\/#website","url":"https:\/\/www.casado.eu\/","name":"CASADO | Home Entertainment Designer","description":"","publisher":{"@id":"https:\/\/www.casado.eu\/#organization"},"potentialAction":[{"@type":"SearchAction","target":{"@type":"EntryPoint","urlTemplate":"https:\/\/www.casado.eu\/?s={search_term_string}"},"query-input":{"@type":"PropertyValueSpecification","valueRequired":true,"valueName":"search_term_string"}}],"inLanguage":"en-US"},{"@type":"Organization","@id":"https:\/\/www.casado.eu\/#organization","name":"Casado TV-M\u00f6bel","url":"https:\/\/www.casado.eu\/","logo":{"@type":"ImageObject","inLanguage":"en-US","@id":"https:\/\/www.casado.eu\/#\/schema\/logo\/image\/","url":"https:\/\/www.casado.eu\/wp-content\/uploads\/2020\/03\/Casado_1000x700.png","contentUrl":"https:\/\/www.casado.eu\/wp-content\/uploads\/2020\/03\/Casado_1000x700.png","width":1000,"height":700,"caption":"Casado TV-M\u00f6bel"},"image":{"@id":"https:\/\/www.casado.eu\/#\/schema\/logo\/image\/"},"sameAs":["https:\/\/www.facebook.com\/casado.mobel","https:\/\/www.youtube.com\/user\/CasadoHES"]}]}},"_links":{"self":[{"href":"https:\/\/www.casado.eu\/en\/wp-json\/wp\/v2\/product\/310","targetHints":{"allow":["GET"]}}],"collection":[{"href":"https:\/\/www.casado.eu\/en\/wp-json\/wp\/v2\/product"}],"about":[{"href":"https:\/\/www.casado.eu\/en\/wp-json\/wp\/v2\/types\/product"}],"replies":[{"embeddable":true,"href":"https:\/\/www.casado.eu\/en\/wp-json\/wp\/v2\/comments?post=310"}],"wp:featuredmedia":[{"embeddable":true,"href":"https:\/\/www.casado.eu\/en\/wp-json\/wp\/v2\/media\/1936"}],"wp:attachment":[{"href":"https:\/\/www.casado.eu\/en\/wp-json\/wp\/v2\/media?parent=310"}],"wp:term":[{"taxonomy":"product_brand","embeddable":true,"href":"https:\/\/www.casado.eu\/en\/wp-json\/wp\/v2\/product_brand?post=310"},{"taxonomy":"product_cat","embeddable":true,"href":"https:\/\/www.casado.eu\/en\/wp-json\/wp\/v2\/product_cat?post=310"},{"taxonomy":"product_tag","embeddable":true,"href":"https:\/\/www.casado.eu\/en\/wp-json\/wp\/v2\/product_tag?post=310"}],"curies":[{"name":"wp","href":"https:\/\/api.w.org\/{rel}","templated":true}]}}