{"id":362,"date":"2020-03-10T09:55:47","date_gmt":"2020-03-10T09:55:47","guid":{"rendered":"http:\/\/lokmann-care.de\/?post_type=product&#038;p=362"},"modified":"2020-04-12T18:06:11","modified_gmt":"2020-04-12T18:06:11","slug":"alhambra","status":"publish","type":"product","link":"https:\/\/www.casado.eu\/en\/product\/alhambra\/","title":{"rendered":"Alhambra"},"content":{"rendered":"","protected":false},"excerpt":{"rendered":"<p class=\"translation-block\">The Alhambra is one of the classics in the CASADO family. Simple but well thought out. Its design makes this piece of furniture suitable for any living room and its highlights are not to be missed out. The cable management, continously height-adjustable glass shelves and the TV bracket as well as the tilt possibility of the television offer a high degree of comfort.<\/p>","protected":false},"featured_media":862,"comment_status":"closed","ping_status":"closed","template":"","meta":{"om_disable_all_campaigns":false,"_monsterinsights_skip_tracking":false,"_monsterinsights_sitenote_active":false,"_monsterinsights_sitenote_note":"","_monsterinsights_sitenote_category":0,"_uf_show_specific_survey":0,"_uf_disable_surveys":false},"product_brand":[],"product_cat":[47],"product_tag":[69],"class_list":{"0":"post-362","1":"product","2":"type-product","3":"status-publish","4":"has-post-thumbnail","6":"product_cat-tvwand","7":"product_tag-alhambra","9":"first","10":"instock","11":"shipping-taxable","12":"product-type-simple"},"yoast_head":"<!-- This site is optimized with the Yoast SEO plugin v27.5 - https:\/\/yoast.com\/product\/yoast-seo-wordpress\/ -->\n<title>Alhambra - CASADO | Home Entertainment Designer<\/title>\n<meta name=\"robots\" content=\"index, follow, max-snippet:-1, max-image-preview:large, max-video-preview:-1\" \/>\n<link rel=\"canonical\" href=\"https:\/\/www.casado.eu\/en\/product\/alhambra\/\" \/>\n<meta property=\"og:locale\" content=\"en_US\" \/>\n<meta property=\"og:type\" content=\"article\" \/>\n<meta property=\"og:title\" content=\"Alhambra - CASADO | Home Entertainment Designer\" \/>\n<meta property=\"og:description\" content=\"Der Alhambra ist eines der Klassiker der CASADO Familie. Einfach, aber durchdacht. Das Design macht dieses M\u00f6belst\u00fcck passend f\u00fcr jedes Wohnzimmer. Highlight kommen bei diesem Modell nicht zu knapp. Ein Kabelmanagement, in der H\u00f6he stufenlos verstellbare Glasablagen und TV-Halterung, wie auch die Neigem\u00f6glichkeit des Fernsehers bieten einen hohen Komfort.\" \/>\n<meta property=\"og:url\" content=\"https:\/\/www.casado.eu\/en\/product\/alhambra\/\" \/>\n<meta property=\"og:site_name\" content=\"CASADO | Home Entertainment Designer\" \/>\n<meta property=\"article:publisher\" content=\"https:\/\/www.facebook.com\/casado.mobel\" \/>\n<meta property=\"article:modified_time\" content=\"2020-04-12T18:06:11+00:00\" \/>\n<meta property=\"og:image\" content=\"https:\/\/www.casado.eu\/wp-content\/uploads\/2020\/03\/1-20.jpg\" \/>\n\t<meta property=\"og:image:width\" content=\"800\" \/>\n\t<meta property=\"og:image:height\" content=\"800\" \/>\n\t<meta property=\"og:image:type\" content=\"image\/jpeg\" \/>\n<meta name=\"twitter:card\" content=\"summary_large_image\" \/>\n<script type=\"application\/ld+json\" class=\"yoast-schema-graph\">{\"@context\":\"https:\\\/\\\/schema.org\",\"@graph\":[{\"@type\":\"WebPage\",\"@id\":\"https:\\\/\\\/www.casado.eu\\\/produkt\\\/alhambra\\\/\",\"url\":\"https:\\\/\\\/www.casado.eu\\\/produkt\\\/alhambra\\\/\",\"name\":\"Alhambra - CASADO | Home Entertainment Designer\",\"isPartOf\":{\"@id\":\"https:\\\/\\\/www.casado.eu\\\/#website\"},\"primaryImageOfPage\":{\"@id\":\"https:\\\/\\\/www.casado.eu\\\/produkt\\\/alhambra\\\/#primaryimage\"},\"image\":{\"@id\":\"https:\\\/\\\/www.casado.eu\\\/produkt\\\/alhambra\\\/#primaryimage\"},\"thumbnailUrl\":\"https:\\\/\\\/www.casado.eu\\\/wp-content\\\/uploads\\\/2020\\\/03\\\/1-20.jpg\",\"datePublished\":\"2020-03-10T09:55:47+00:00\",\"dateModified\":\"2020-04-12T18:06:11+00:00\",\"breadcrumb\":{\"@id\":\"https:\\\/\\\/www.casado.eu\\\/produkt\\\/alhambra\\\/#breadcrumb\"},\"inLanguage\":\"en-US\",\"potentialAction\":[{\"@type\":\"ReadAction\",\"target\":[\"https:\\\/\\\/www.casado.eu\\\/produkt\\\/alhambra\\\/\"]}]},{\"@type\":\"ImageObject\",\"inLanguage\":\"en-US\",\"@id\":\"https:\\\/\\\/www.casado.eu\\\/produkt\\\/alhambra\\\/#primaryimage\",\"url\":\"https:\\\/\\\/www.casado.eu\\\/wp-content\\\/uploads\\\/2020\\\/03\\\/1-20.jpg\",\"contentUrl\":\"https:\\\/\\\/www.casado.eu\\\/wp-content\\\/uploads\\\/2020\\\/03\\\/1-20.jpg\",\"width\":800,\"height\":800},{\"@type\":\"BreadcrumbList\",\"@id\":\"https:\\\/\\\/www.casado.eu\\\/produkt\\\/alhambra\\\/#breadcrumb\",\"itemListElement\":[{\"@type\":\"ListItem\",\"position\":1,\"name\":\"Startseite\",\"item\":\"https:\\\/\\\/www.casado.eu\\\/\"},{\"@type\":\"ListItem\",\"position\":2,\"name\":\"Produkte\",\"item\":\"https:\\\/\\\/www.casado.eu\\\/shop\\\/\"},{\"@type\":\"ListItem\",\"position\":3,\"name\":\"Alhambra\"}]},{\"@type\":\"WebSite\",\"@id\":\"https:\\\/\\\/www.casado.eu\\\/#website\",\"url\":\"https:\\\/\\\/www.casado.eu\\\/\",\"name\":\"CASADO | Home Entertainment Designer\",\"description\":\"\",\"publisher\":{\"@id\":\"https:\\\/\\\/www.casado.eu\\\/#organization\"},\"potentialAction\":[{\"@type\":\"SearchAction\",\"target\":{\"@type\":\"EntryPoint\",\"urlTemplate\":\"https:\\\/\\\/www.casado.eu\\\/?s={search_term_string}\"},\"query-input\":{\"@type\":\"PropertyValueSpecification\",\"valueRequired\":true,\"valueName\":\"search_term_string\"}}],\"inLanguage\":\"en-US\"},{\"@type\":\"Organization\",\"@id\":\"https:\\\/\\\/www.casado.eu\\\/#organization\",\"name\":\"Casado TV-M\u00f6bel\",\"url\":\"https:\\\/\\\/www.casado.eu\\\/\",\"logo\":{\"@type\":\"ImageObject\",\"inLanguage\":\"en-US\",\"@id\":\"https:\\\/\\\/www.casado.eu\\\/#\\\/schema\\\/logo\\\/image\\\/\",\"url\":\"https:\\\/\\\/www.casado.eu\\\/wp-content\\\/uploads\\\/2020\\\/03\\\/Casado_1000x700.png\",\"contentUrl\":\"https:\\\/\\\/www.casado.eu\\\/wp-content\\\/uploads\\\/2020\\\/03\\\/Casado_1000x700.png\",\"width\":1000,\"height\":700,\"caption\":\"Casado TV-M\u00f6bel\"},\"image\":{\"@id\":\"https:\\\/\\\/www.casado.eu\\\/#\\\/schema\\\/logo\\\/image\\\/\"},\"sameAs\":[\"https:\\\/\\\/www.facebook.com\\\/casado.mobel\",\"https:\\\/\\\/www.youtube.com\\\/user\\\/CasadoHES\"]}]}<\/script>\n<!-- \/ Yoast SEO plugin. -->","yoast_head_json":{"title":"Alhambra - CASADO | Home Entertainment Designer","robots":{"index":"index","follow":"follow","max-snippet":"max-snippet:-1","max-image-preview":"max-image-preview:large","max-video-preview":"max-video-preview:-1"},"canonical":"https:\/\/www.casado.eu\/en\/product\/alhambra\/","og_locale":"en_US","og_type":"article","og_title":"Alhambra - CASADO | Home Entertainment Designer","og_description":"Der Alhambra ist eines der Klassiker der CASADO Familie. Einfach, aber durchdacht. Das Design macht dieses M\u00f6belst\u00fcck passend f\u00fcr jedes Wohnzimmer. Highlight kommen bei diesem Modell nicht zu knapp. Ein Kabelmanagement, in der H\u00f6he stufenlos verstellbare Glasablagen und TV-Halterung, wie auch die Neigem\u00f6glichkeit des Fernsehers bieten einen hohen Komfort.","og_url":"https:\/\/www.casado.eu\/en\/product\/alhambra\/","og_site_name":"CASADO | Home Entertainment Designer","article_publisher":"https:\/\/www.facebook.com\/casado.mobel","article_modified_time":"2020-04-12T18:06:11+00:00","og_image":[{"width":800,"height":800,"url":"https:\/\/www.casado.eu\/wp-content\/uploads\/2020\/03\/1-20.jpg","type":"image\/jpeg"}],"twitter_card":"summary_large_image","schema":{"@context":"https:\/\/schema.org","@graph":[{"@type":"WebPage","@id":"https:\/\/www.casado.eu\/produkt\/alhambra\/","url":"https:\/\/www.casado.eu\/produkt\/alhambra\/","name":"Alhambra - CASADO | Home Entertainment Designer","isPartOf":{"@id":"https:\/\/www.casado.eu\/#website"},"primaryImageOfPage":{"@id":"https:\/\/www.casado.eu\/produkt\/alhambra\/#primaryimage"},"image":{"@id":"https:\/\/www.casado.eu\/produkt\/alhambra\/#primaryimage"},"thumbnailUrl":"https:\/\/www.casado.eu\/wp-content\/uploads\/2020\/03\/1-20.jpg","datePublished":"2020-03-10T09:55:47+00:00","dateModified":"2020-04-12T18:06:11+00:00","breadcrumb":{"@id":"https:\/\/www.casado.eu\/produkt\/alhambra\/#breadcrumb"},"inLanguage":"en-US","potentialAction":[{"@type":"ReadAction","target":["https:\/\/www.casado.eu\/produkt\/alhambra\/"]}]},{"@type":"ImageObject","inLanguage":"en-US","@id":"https:\/\/www.casado.eu\/produkt\/alhambra\/#primaryimage","url":"https:\/\/www.casado.eu\/wp-content\/uploads\/2020\/03\/1-20.jpg","contentUrl":"https:\/\/www.casado.eu\/wp-content\/uploads\/2020\/03\/1-20.jpg","width":800,"height":800},{"@type":"BreadcrumbList","@id":"https:\/\/www.casado.eu\/produkt\/alhambra\/#breadcrumb","itemListElement":[{"@type":"ListItem","position":1,"name":"Startseite","item":"https:\/\/www.casado.eu\/"},{"@type":"ListItem","position":2,"name":"Produkte","item":"https:\/\/www.casado.eu\/shop\/"},{"@type":"ListItem","position":3,"name":"Alhambra"}]},{"@type":"WebSite","@id":"https:\/\/www.casado.eu\/#website","url":"https:\/\/www.casado.eu\/","name":"CASADO | Home Entertainment Designer","description":"","publisher":{"@id":"https:\/\/www.casado.eu\/#organization"},"potentialAction":[{"@type":"SearchAction","target":{"@type":"EntryPoint","urlTemplate":"https:\/\/www.casado.eu\/?s={search_term_string}"},"query-input":{"@type":"PropertyValueSpecification","valueRequired":true,"valueName":"search_term_string"}}],"inLanguage":"en-US"},{"@type":"Organization","@id":"https:\/\/www.casado.eu\/#organization","name":"Casado TV-M\u00f6bel","url":"https:\/\/www.casado.eu\/","logo":{"@type":"ImageObject","inLanguage":"en-US","@id":"https:\/\/www.casado.eu\/#\/schema\/logo\/image\/","url":"https:\/\/www.casado.eu\/wp-content\/uploads\/2020\/03\/Casado_1000x700.png","contentUrl":"https:\/\/www.casado.eu\/wp-content\/uploads\/2020\/03\/Casado_1000x700.png","width":1000,"height":700,"caption":"Casado TV-M\u00f6bel"},"image":{"@id":"https:\/\/www.casado.eu\/#\/schema\/logo\/image\/"},"sameAs":["https:\/\/www.facebook.com\/casado.mobel","https:\/\/www.youtube.com\/user\/CasadoHES"]}]}},"_links":{"self":[{"href":"https:\/\/www.casado.eu\/en\/wp-json\/wp\/v2\/product\/362","targetHints":{"allow":["GET"]}}],"collection":[{"href":"https:\/\/www.casado.eu\/en\/wp-json\/wp\/v2\/product"}],"about":[{"href":"https:\/\/www.casado.eu\/en\/wp-json\/wp\/v2\/types\/product"}],"replies":[{"embeddable":true,"href":"https:\/\/www.casado.eu\/en\/wp-json\/wp\/v2\/comments?post=362"}],"wp:featuredmedia":[{"embeddable":true,"href":"https:\/\/www.casado.eu\/en\/wp-json\/wp\/v2\/media\/862"}],"wp:attachment":[{"href":"https:\/\/www.casado.eu\/en\/wp-json\/wp\/v2\/media?parent=362"}],"wp:term":[{"taxonomy":"product_brand","embeddable":true,"href":"https:\/\/www.casado.eu\/en\/wp-json\/wp\/v2\/product_brand?post=362"},{"taxonomy":"product_cat","embeddable":true,"href":"https:\/\/www.casado.eu\/en\/wp-json\/wp\/v2\/product_cat?post=362"},{"taxonomy":"product_tag","embeddable":true,"href":"https:\/\/www.casado.eu\/en\/wp-json\/wp\/v2\/product_tag?post=362"}],"curies":[{"name":"wp","href":"https:\/\/api.w.org\/{rel}","templated":true}]}}