{"id":380,"date":"2020-03-10T10:01:17","date_gmt":"2020-03-10T10:01:17","guid":{"rendered":"http:\/\/lokmann-care.de\/?post_type=product&#038;p=380"},"modified":"2020-04-12T20:31:27","modified_gmt":"2020-04-12T20:31:27","slug":"conforte","status":"publish","type":"product","link":"https:\/\/www.casado.eu\/en\/product\/conforte\/","title":{"rendered":"Conforte L 3200 L"},"content":{"rendered":"","protected":false},"excerpt":{"rendered":"<p><strong>CASADO TV<\/strong> \u2013 M\u00f6bel verbinden au\u00dfergew\u00f6hnliches Design mit Funktionalit\u00e4t. Ob nun f\u00fcr Ihr Wohnzimmer, eine Lounge oder f\u00fcr B\u00fcror\u00e4ume; wir haben f\u00fcr jedes Ambiente eine L\u00f6sung. Nicht nur mit dem Design, sondern auch mit der Materialauswahl k\u00f6nnen Sie Ihre TV \u2013 Vergn\u00fcgen extravagant gestalten.<\/p>\n<ul style=\"list-style-type: square;\">\n<li>Geeignet f\u00fcr Plasma, LCD, LED, OLED, QLED und Curved Fernseher<\/li>\n<li>Schnellneigung durch Einrasterungstechnik<\/li>\n<\/ul>\n<p><img loading=\"lazy\" decoding=\"async\" class=\"alignnone wp-image-1662\" src=\"http:\/\/casado.eu\/wp-content\/uploads\/2020\/03\/trop_conforte_ohnelogo_Neu_Seite.jpg\" alt=\"\" width=\"450\" height=\"266\" srcset=\"https:\/\/www.casado.eu\/wp-content\/uploads\/2020\/03\/trop_conforte_ohnelogo_Neu_Seite.jpg 760w, https:\/\/www.casado.eu\/wp-content\/uploads\/2020\/03\/trop_conforte_ohnelogo_Neu_Seite-300x178.jpg 300w, https:\/\/www.casado.eu\/wp-content\/uploads\/2020\/03\/trop_conforte_ohnelogo_Neu_Seite-510x302.jpg 510w\" sizes=\"auto, (max-width: 450px) 100vw, 450px\" \/><\/p>","protected":false},"featured_media":1216,"comment_status":"closed","ping_status":"closed","template":"","meta":{"om_disable_all_campaigns":false,"_monsterinsights_skip_tracking":false,"_monsterinsights_sitenote_active":false,"_monsterinsights_sitenote_note":"","_monsterinsights_sitenote_category":0,"_uf_show_specific_survey":0,"_uf_disable_surveys":false},"product_brand":[],"product_cat":[100],"product_tag":[77],"class_list":{"0":"post-380","1":"product","2":"type-product","3":"status-publish","4":"has-post-thumbnail","6":"product_cat-casado","7":"product_tag-conforte","9":"first","10":"instock","11":"shipping-taxable","12":"product-type-simple"},"yoast_head":"<!-- This site is optimized with the Yoast SEO plugin v27.5 - https:\/\/yoast.com\/product\/yoast-seo-wordpress\/ -->\n<title>Conforte L 3200 L - CASADO | Home Entertainment Designer<\/title>\n<meta name=\"robots\" content=\"index, follow, max-snippet:-1, max-image-preview:large, max-video-preview:-1\" \/>\n<link rel=\"canonical\" href=\"https:\/\/www.casado.eu\/en\/product\/conforte\/\" \/>\n<meta property=\"og:locale\" content=\"en_US\" \/>\n<meta property=\"og:type\" content=\"article\" \/>\n<meta property=\"og:title\" content=\"Conforte L 3200 L - CASADO | Home Entertainment Designer\" \/>\n<meta property=\"og:description\" content=\"CASADO TV \u2013 M\u00f6bel verbinden au\u00dfergew\u00f6hnliches Design mit Funktionalit\u00e4t. Ob nun f\u00fcr Ihr Wohnzimmer, eine Lounge oder f\u00fcr B\u00fcror\u00e4ume; wir haben f\u00fcr jedes Ambiente eine L\u00f6sung. Nicht nur mit dem Design, sondern auch mit der Materialauswahl k\u00f6nnen Sie Ihre TV \u2013 Vergn\u00fcgen extravagant gestalten.   Geeignet f\u00fcr Plasma, LCD, LED, OLED, QLED und Curved Fernseher  Schnellneigung durch Einrasterungstechnik\" \/>\n<meta property=\"og:url\" content=\"https:\/\/www.casado.eu\/en\/product\/conforte\/\" \/>\n<meta property=\"og:site_name\" content=\"CASADO | Home Entertainment Designer\" \/>\n<meta property=\"article:publisher\" content=\"https:\/\/www.facebook.com\/casado.mobel\" \/>\n<meta property=\"article:modified_time\" content=\"2020-04-12T20:31:27+00:00\" \/>\n<meta property=\"og:image\" content=\"https:\/\/www.casado.eu\/wp-content\/uploads\/2020\/03\/1-Kopie-10.jpg\" \/>\n\t<meta property=\"og:image:width\" content=\"800\" \/>\n\t<meta property=\"og:image:height\" content=\"800\" \/>\n\t<meta property=\"og:image:type\" content=\"image\/jpeg\" \/>\n<meta name=\"twitter:card\" content=\"summary_large_image\" \/>\n<script type=\"application\/ld+json\" class=\"yoast-schema-graph\">{\"@context\":\"https:\\\/\\\/schema.org\",\"@graph\":[{\"@type\":\"WebPage\",\"@id\":\"https:\\\/\\\/www.casado.eu\\\/en\\\/product\\\/conforte\\\/\",\"url\":\"https:\\\/\\\/www.casado.eu\\\/en\\\/product\\\/conforte\\\/\",\"name\":\"Conforte L 3200 L - CASADO | Home Entertainment Designer\",\"isPartOf\":{\"@id\":\"https:\\\/\\\/www.casado.eu\\\/#website\"},\"primaryImageOfPage\":{\"@id\":\"https:\\\/\\\/www.casado.eu\\\/en\\\/product\\\/conforte\\\/#primaryimage\"},\"image\":{\"@id\":\"https:\\\/\\\/www.casado.eu\\\/en\\\/product\\\/conforte\\\/#primaryimage\"},\"thumbnailUrl\":\"https:\\\/\\\/www.casado.eu\\\/wp-content\\\/uploads\\\/2020\\\/03\\\/1-Kopie-10.jpg\",\"datePublished\":\"2020-03-10T10:01:17+00:00\",\"dateModified\":\"2020-04-12T20:31:27+00:00\",\"breadcrumb\":{\"@id\":\"https:\\\/\\\/www.casado.eu\\\/en\\\/product\\\/conforte\\\/#breadcrumb\"},\"inLanguage\":\"en-US\",\"potentialAction\":[{\"@type\":\"ReadAction\",\"target\":[\"https:\\\/\\\/www.casado.eu\\\/en\\\/product\\\/conforte\\\/\"]}]},{\"@type\":\"ImageObject\",\"inLanguage\":\"en-US\",\"@id\":\"https:\\\/\\\/www.casado.eu\\\/en\\\/product\\\/conforte\\\/#primaryimage\",\"url\":\"https:\\\/\\\/www.casado.eu\\\/wp-content\\\/uploads\\\/2020\\\/03\\\/1-Kopie-10.jpg\",\"contentUrl\":\"https:\\\/\\\/www.casado.eu\\\/wp-content\\\/uploads\\\/2020\\\/03\\\/1-Kopie-10.jpg\",\"width\":800,\"height\":800},{\"@type\":\"BreadcrumbList\",\"@id\":\"https:\\\/\\\/www.casado.eu\\\/en\\\/product\\\/conforte\\\/#breadcrumb\",\"itemListElement\":[{\"@type\":\"ListItem\",\"position\":1,\"name\":\"Startseite\",\"item\":\"https:\\\/\\\/www.casado.eu\\\/\"},{\"@type\":\"ListItem\",\"position\":2,\"name\":\"Produkte\",\"item\":\"https:\\\/\\\/www.casado.eu\\\/shop\\\/\"},{\"@type\":\"ListItem\",\"position\":3,\"name\":\"Conforte L 3200 L\"}]},{\"@type\":\"WebSite\",\"@id\":\"https:\\\/\\\/www.casado.eu\\\/#website\",\"url\":\"https:\\\/\\\/www.casado.eu\\\/\",\"name\":\"CASADO | Home Entertainment Designer\",\"description\":\"\",\"publisher\":{\"@id\":\"https:\\\/\\\/www.casado.eu\\\/#organization\"},\"potentialAction\":[{\"@type\":\"SearchAction\",\"target\":{\"@type\":\"EntryPoint\",\"urlTemplate\":\"https:\\\/\\\/www.casado.eu\\\/?s={search_term_string}\"},\"query-input\":{\"@type\":\"PropertyValueSpecification\",\"valueRequired\":true,\"valueName\":\"search_term_string\"}}],\"inLanguage\":\"en-US\"},{\"@type\":\"Organization\",\"@id\":\"https:\\\/\\\/www.casado.eu\\\/#organization\",\"name\":\"Casado TV-M\u00f6bel\",\"url\":\"https:\\\/\\\/www.casado.eu\\\/\",\"logo\":{\"@type\":\"ImageObject\",\"inLanguage\":\"en-US\",\"@id\":\"https:\\\/\\\/www.casado.eu\\\/#\\\/schema\\\/logo\\\/image\\\/\",\"url\":\"https:\\\/\\\/www.casado.eu\\\/wp-content\\\/uploads\\\/2020\\\/03\\\/Casado_1000x700.png\",\"contentUrl\":\"https:\\\/\\\/www.casado.eu\\\/wp-content\\\/uploads\\\/2020\\\/03\\\/Casado_1000x700.png\",\"width\":1000,\"height\":700,\"caption\":\"Casado TV-M\u00f6bel\"},\"image\":{\"@id\":\"https:\\\/\\\/www.casado.eu\\\/#\\\/schema\\\/logo\\\/image\\\/\"},\"sameAs\":[\"https:\\\/\\\/www.facebook.com\\\/casado.mobel\",\"https:\\\/\\\/www.youtube.com\\\/user\\\/CasadoHES\"]}]}<\/script>\n<!-- \/ Yoast SEO plugin. -->","yoast_head_json":{"title":"Conforte L 3200 L - CASADO | Home Entertainment Designer","robots":{"index":"index","follow":"follow","max-snippet":"max-snippet:-1","max-image-preview":"max-image-preview:large","max-video-preview":"max-video-preview:-1"},"canonical":"https:\/\/www.casado.eu\/en\/product\/conforte\/","og_locale":"en_US","og_type":"article","og_title":"Conforte L 3200 L - CASADO | Home Entertainment Designer","og_description":"CASADO TV \u2013 M\u00f6bel verbinden au\u00dfergew\u00f6hnliches Design mit Funktionalit\u00e4t. Ob nun f\u00fcr Ihr Wohnzimmer, eine Lounge oder f\u00fcr B\u00fcror\u00e4ume; wir haben f\u00fcr jedes Ambiente eine L\u00f6sung. Nicht nur mit dem Design, sondern auch mit der Materialauswahl k\u00f6nnen Sie Ihre TV \u2013 Vergn\u00fcgen extravagant gestalten.   Geeignet f\u00fcr Plasma, LCD, LED, OLED, QLED und Curved Fernseher  Schnellneigung durch Einrasterungstechnik","og_url":"https:\/\/www.casado.eu\/en\/product\/conforte\/","og_site_name":"CASADO | Home Entertainment Designer","article_publisher":"https:\/\/www.facebook.com\/casado.mobel","article_modified_time":"2020-04-12T20:31:27+00:00","og_image":[{"width":800,"height":800,"url":"https:\/\/www.casado.eu\/wp-content\/uploads\/2020\/03\/1-Kopie-10.jpg","type":"image\/jpeg"}],"twitter_card":"summary_large_image","schema":{"@context":"https:\/\/schema.org","@graph":[{"@type":"WebPage","@id":"https:\/\/www.casado.eu\/en\/product\/conforte\/","url":"https:\/\/www.casado.eu\/en\/product\/conforte\/","name":"Conforte L 3200 L - CASADO | Home Entertainment Designer","isPartOf":{"@id":"https:\/\/www.casado.eu\/#website"},"primaryImageOfPage":{"@id":"https:\/\/www.casado.eu\/en\/product\/conforte\/#primaryimage"},"image":{"@id":"https:\/\/www.casado.eu\/en\/product\/conforte\/#primaryimage"},"thumbnailUrl":"https:\/\/www.casado.eu\/wp-content\/uploads\/2020\/03\/1-Kopie-10.jpg","datePublished":"2020-03-10T10:01:17+00:00","dateModified":"2020-04-12T20:31:27+00:00","breadcrumb":{"@id":"https:\/\/www.casado.eu\/en\/product\/conforte\/#breadcrumb"},"inLanguage":"en-US","potentialAction":[{"@type":"ReadAction","target":["https:\/\/www.casado.eu\/en\/product\/conforte\/"]}]},{"@type":"ImageObject","inLanguage":"en-US","@id":"https:\/\/www.casado.eu\/en\/product\/conforte\/#primaryimage","url":"https:\/\/www.casado.eu\/wp-content\/uploads\/2020\/03\/1-Kopie-10.jpg","contentUrl":"https:\/\/www.casado.eu\/wp-content\/uploads\/2020\/03\/1-Kopie-10.jpg","width":800,"height":800},{"@type":"BreadcrumbList","@id":"https:\/\/www.casado.eu\/en\/product\/conforte\/#breadcrumb","itemListElement":[{"@type":"ListItem","position":1,"name":"Startseite","item":"https:\/\/www.casado.eu\/"},{"@type":"ListItem","position":2,"name":"Produkte","item":"https:\/\/www.casado.eu\/shop\/"},{"@type":"ListItem","position":3,"name":"Conforte L 3200 L"}]},{"@type":"WebSite","@id":"https:\/\/www.casado.eu\/#website","url":"https:\/\/www.casado.eu\/","name":"CASADO | Home Entertainment Designer","description":"","publisher":{"@id":"https:\/\/www.casado.eu\/#organization"},"potentialAction":[{"@type":"SearchAction","target":{"@type":"EntryPoint","urlTemplate":"https:\/\/www.casado.eu\/?s={search_term_string}"},"query-input":{"@type":"PropertyValueSpecification","valueRequired":true,"valueName":"search_term_string"}}],"inLanguage":"en-US"},{"@type":"Organization","@id":"https:\/\/www.casado.eu\/#organization","name":"Casado TV-M\u00f6bel","url":"https:\/\/www.casado.eu\/","logo":{"@type":"ImageObject","inLanguage":"en-US","@id":"https:\/\/www.casado.eu\/#\/schema\/logo\/image\/","url":"https:\/\/www.casado.eu\/wp-content\/uploads\/2020\/03\/Casado_1000x700.png","contentUrl":"https:\/\/www.casado.eu\/wp-content\/uploads\/2020\/03\/Casado_1000x700.png","width":1000,"height":700,"caption":"Casado TV-M\u00f6bel"},"image":{"@id":"https:\/\/www.casado.eu\/#\/schema\/logo\/image\/"},"sameAs":["https:\/\/www.facebook.com\/casado.mobel","https:\/\/www.youtube.com\/user\/CasadoHES"]}]}},"_links":{"self":[{"href":"https:\/\/www.casado.eu\/en\/wp-json\/wp\/v2\/product\/380","targetHints":{"allow":["GET"]}}],"collection":[{"href":"https:\/\/www.casado.eu\/en\/wp-json\/wp\/v2\/product"}],"about":[{"href":"https:\/\/www.casado.eu\/en\/wp-json\/wp\/v2\/types\/product"}],"replies":[{"embeddable":true,"href":"https:\/\/www.casado.eu\/en\/wp-json\/wp\/v2\/comments?post=380"}],"wp:featuredmedia":[{"embeddable":true,"href":"https:\/\/www.casado.eu\/en\/wp-json\/wp\/v2\/media\/1216"}],"wp:attachment":[{"href":"https:\/\/www.casado.eu\/en\/wp-json\/wp\/v2\/media?parent=380"}],"wp:term":[{"taxonomy":"product_brand","embeddable":true,"href":"https:\/\/www.casado.eu\/en\/wp-json\/wp\/v2\/product_brand?post=380"},{"taxonomy":"product_cat","embeddable":true,"href":"https:\/\/www.casado.eu\/en\/wp-json\/wp\/v2\/product_cat?post=380"},{"taxonomy":"product_tag","embeddable":true,"href":"https:\/\/www.casado.eu\/en\/wp-json\/wp\/v2\/product_tag?post=380"}],"curies":[{"name":"wp","href":"https:\/\/api.w.org\/{rel}","templated":true}]}}